{"id":2096,"date":"2025-04-16T12:06:55","date_gmt":"2025-04-16T10:06:55","guid":{"rendered":"https:\/\/cibeles.net\/rechtlicher-hinweis\/"},"modified":"2025-04-16T12:37:31","modified_gmt":"2025-04-16T10:37:31","slug":"rechtlicher-hinweis","status":"publish","type":"page","link":"https:\/\/cibeles.net\/de\/rechtlicher-hinweis\/","title":{"rendered":"Bedingungen und Konditionen"},"content":{"rendered":"\t\t<div data-elementor-type=\"wp-page\" data-elementor-id=\"2096\" class=\"elementor elementor-2096 elementor-2093\" data-elementor-post-type=\"page\">\n\t\t\t\t\t\t<section class=\"elementor-section elementor-top-section elementor-element elementor-element-b9933ec elementor-section-boxed elementor-section-height-default elementor-section-height-default\" data-id=\"b9933ec\" data-element_type=\"section\" data-e-type=\"section\">\n\t\t\t\t\t\t<div class=\"elementor-container elementor-column-gap-default\">\n\t\t\t\t\t<div class=\"elementor-column elementor-col-100 elementor-top-column elementor-element elementor-element-2ac9e11\" data-id=\"2ac9e11\" data-element_type=\"column\" data-e-type=\"column\">\n\t\t\t<div class=\"elementor-widget-wrap elementor-element-populated\">\n\t\t\t\t\t\t<div class=\"elementor-element elementor-element-6460a01 elementor-widget elementor-widget-spacer\" data-id=\"6460a01\" data-element_type=\"widget\" data-e-type=\"widget\" data-widget_type=\"spacer.default\">\n\t\t\t\t<div class=\"elementor-widget-container\">\n\t\t\t\t\t\t\t<div class=\"elementor-spacer\">\n\t\t\t<div class=\"elementor-spacer-inner\"><\/div>\n\t\t<\/div>\n\t\t\t\t\t\t<\/div>\n\t\t\t\t<\/div>\n\t\t\t\t\t<\/div>\n\t\t<\/div>\n\t\t\t\t\t<\/div>\n\t\t<\/section>\n\t\t\t\t<section class=\"elementor-section elementor-top-section elementor-element elementor-element-cf31169 elementor-section-boxed elementor-section-height-default elementor-section-height-default\" data-id=\"cf31169\" data-element_type=\"section\" data-e-type=\"section\">\n\t\t\t\t\t\t<div class=\"elementor-container elementor-column-gap-default\">\n\t\t\t\t\t<div class=\"elementor-column elementor-col-100 elementor-top-column elementor-element elementor-element-5f22232\" data-id=\"5f22232\" data-element_type=\"column\" data-e-type=\"column\">\n\t\t\t<div class=\"elementor-widget-wrap elementor-element-populated\">\n\t\t\t\t\t\t<div class=\"elementor-element elementor-element-76e0bd2 elementor-widget elementor-widget-heading\" data-id=\"76e0bd2\" data-element_type=\"widget\" data-e-type=\"widget\" data-widget_type=\"heading.default\">\n\t\t\t\t<div class=\"elementor-widget-container\">\n\t\t\t\t\t<h2 class=\"elementor-heading-title elementor-size-default\">Rechtliche Hinweise und Nutzungsbedingungen\n\n<\/h2>\t\t\t\t<\/div>\n\t\t\t\t<\/div>\n\t\t\t\t<div class=\"elementor-element elementor-element-d9fc636 elementor-widget elementor-widget-text-editor\" data-id=\"d9fc636\" data-element_type=\"widget\" data-e-type=\"widget\" data-widget_type=\"text-editor.default\">\n\t\t\t\t<div class=\"elementor-widget-container\">\n\t\t\t\t\t\t\t\t\t<p>Rechtlicher Hinweis<\/p><p data-start=\"232\" data-end=\"484\">Diese rechtlichen Hinweise und allgemeinen Zugangs- und Nutzungsbedingungen, im Folgenden &#8222;rechtliche Hinweise&#8220; genannt, regeln den Zugang, das Browsen und die Nutzung der Website <strong data-start=\"382\" data-end=\"401\"><a href=\"http:\/\/www.cibeles.net\" target=\"_new\" rel=\"noopener\" data-start=\"384\" data-end=\"399\">www.cibeles.net<\/a><\/strong>nachstehend die Website, deren Eigent\u00fcmerin <strong data-start=\"454\" data-end=\"469\">CIBELES.NET<\/strong> ist, mit Sitz in:<\/p><ul data-start=\"486\" data-end=\"666\"><li data-start=\"486\" data-end=\"546\"><p data-start=\"488\" data-end=\"546\"><strong data-start=\"488\" data-end=\"498\">Madrid<\/strong>: Calle Fernando el Cat\u00f3lico 13 bis, B\u00fcro 5<\/p><\/li><li data-start=\"547\" data-end=\"666\"><p data-start=\"549\" data-end=\"666\"><strong data-start=\"549\" data-end=\"561\">Valencia<\/strong>: Calle Poeta Vicente Gaos 3, Bajo Telefon: +34 91 187 74 04 E-Mail: <a rel=\"noopener\" data-start=\"647\" data-end=\"666\">soporte@cibeles.net<\/a><\/p><\/li><\/ul><p data-start=\"668\" data-end=\"872\">Wenn Sie mit <strong data-start=\"691\" data-end=\"706\">CIBELES.NET<\/strong> Kontakt aufnehmen m\u00f6chten, k\u00f6nnen Sie dies schriftlich unter einer der oben genannten Adressen, \u00fcber unseren Kontaktbereich auf der Website oder \u00fcber die angegebene E-Mail-Adresse tun.<\/p><p data-start=\"874\" data-end=\"1174\">Der Zugriff auf die Website und deren Nutzung verleiht Ihnen den Status eines <strong data-start=\"936\" data-end=\"947\">Nutzers<\/strong>, der die vollst\u00e4ndige und uneingeschr\u00e4nkte Zustimmung zu den vorliegenden rechtlichen Hinweisen in der zum Zeitpunkt des Zugriffs auf die Website ver\u00f6ffentlichten Fassung voraussetzt. Wenn Sie damit nicht einverstanden sind, m\u00fcssen Sie davon absehen, die Website oder die angebotenen Dienste zu nutzen. <\/p><p data-start=\"1176\" data-end=\"1396\">Wenn der Nutzer minderj\u00e4hrig ist, muss er \u00fcber die Genehmigung seiner Eltern oder seines gesetzlichen Vertreters verf\u00fcgen, die f\u00fcr die Annahme dieses rechtlichen Hinweises, der Datenschutzrichtlinie und der Cookie-Richtlinie verantwortlich sind.<\/p><p data-start=\"1398\" data-end=\"1703\"><strong data-start=\"1398\" data-end=\"1413\">CIBELES.NET<\/strong> handelt nach den Grunds\u00e4tzen der Rechtm\u00e4\u00dfigkeit und des guten Glaubens, und der Benutzer verpflichtet sich, die Website in \u00dcbereinstimmung mit dem Gesetz, der Moral, der \u00f6ffentlichen Ordnung und den guten Sitten zu nutzen. Jede missbr\u00e4uchliche Nutzung, Vervielf\u00e4ltigung, Weiterverbreitung oder Unterschlagung der Inhalte wird rechtlich verfolgt. <\/p><p data-start=\"1705\" data-end=\"1926\"><strong data-start=\"1705\" data-end=\"1720\">CIBELES.NET<\/strong> beh\u00e4lt sich das Recht vor, ohne vorherige Ank\u00fcndigung die Pr\u00e4sentation, die Konfiguration, den Inhalt und die Zugangsbedingungen der Website zu \u00e4ndern. Wir empfehlen dem Benutzer daher, diesen rechtlichen Hinweis regelm\u00e4\u00dfig zu \u00fcberpr\u00fcfen. <\/p><h2 data-start=\"1928\" data-end=\"1951\">Registrierte Benutzer<\/h2><p data-start=\"1953\" data-end=\"2282\">Einige Dienste k\u00f6nnen registrierten Benutzern vorbehalten sein. Mit der Registrierung akzeptieren Sie die vorliegenden rechtlichen Hinweise und die Datenschutzbestimmungen. Der Nutzer verpflichtet sich, wahrheitsgem\u00e4\u00dfe Angaben zu machen, seine Zugangsdaten zu sch\u00fctzen und jeden Missbrauch zu melden. Die Verwendung von Passw\u00f6rtern durch Dritte ist verboten.   <\/p><p data-start=\"2284\" data-end=\"2404\">Die Registrierung gilt als verbindlicher Vertrag zwischen dem Benutzer und <strong data-start=\"2351\" data-end=\"2366\">CIBELES.NET<\/strong> gem\u00e4\u00df den festgelegten Bedingungen.<\/p><h2 data-start=\"2406\" data-end=\"2443\">Geistiges und gewerbliches Eigentum<\/h2><p data-start=\"2445\" data-end=\"2702\"><strong data-start=\"2445\" data-end=\"2460\">CIBELES.NET<\/strong> ist der Inhaber der geistigen und gewerblichen Eigentumsrechte an den Inhalten der Website oder verf\u00fcgt \u00fcber die entsprechenden Lizenzen. Der Zugang impliziert keine Abtretung, \u00dcbertragung oder Genehmigung zur Nutzung \u00fcber den pers\u00f6nlichen und nicht \u00fcbertragbaren Gebrauch hinaus. <\/p><p data-start=\"2704\" data-end=\"2854\">Jede Vervielf\u00e4ltigung, Verbreitung, Umwandlung oder \u00f6ffentliche Wiedergabe ist ohne die ausdr\u00fcckliche schriftliche Zustimmung von <strong data-start=\"2838\" data-end=\"2853\">CIBELES.NET<\/strong> verboten.<\/p><h2 data-start=\"2856\" data-end=\"2866\">Links<\/h2><p data-start=\"2868\" data-end=\"3019\">Die Website kann Links zu Websites von Dritten enthalten. <strong data-start=\"2921\" data-end=\"2936\">CIBELES.NET<\/strong> ist nicht verantwortlich f\u00fcr den Inhalt, die Politik oder die Praktiken dieser externen Websites.<\/p><h2 data-start=\"3021\" data-end=\"3056\">Datenschutz und Cookies-Richtlinie<\/h2><p data-start=\"3058\" data-end=\"3247\">Weitere Informationen finden Sie in unserer <a target=\"_new\" rel=\"noopener\" data-start=\"3097\" data-end=\"3169\">Datenschutzrichtlinie<\/a> und unserer <a target=\"_new\" rel=\"noopener\" data-start=\"3180\" data-end=\"3246\">Cookie-Richtlinie<\/a>.<\/p><h2 data-start=\"3249\" data-end=\"3279\">Befreiung von der Haftung<\/h2><p data-start=\"3281\" data-end=\"3321\"><strong data-start=\"3281\" data-end=\"3296\">CIBELES.NET<\/strong> ist nicht verantwortlich f\u00fcr:<\/p><ul data-start=\"3323\" data-end=\"3604\"><li data-start=\"3323\" data-end=\"3379\"><p data-start=\"3325\" data-end=\"3379\">Die technische Verf\u00fcgbarkeit der Website zu jeder Zeit.<\/p><\/li><li data-start=\"3380\" data-end=\"3462\"><p data-start=\"3382\" data-end=\"3462\">M\u00f6gliche Inhaltsfehler, Unterbrechungen, Viren oder sch\u00e4dliche Elemente.<\/p><\/li><li data-start=\"3463\" data-end=\"3534\"><p data-start=\"3465\" data-end=\"3534\">Meinungen oder Kommentare von Dritten in Blogs, Foren oder anderen Medien.<\/p><\/li><li data-start=\"3535\" data-end=\"3604\"><p data-start=\"3537\" data-end=\"3604\">Jegliche Sch\u00e4den oder Nachteile, die sich aus der unsachgem\u00e4\u00dfen Nutzung der Website ergeben.<\/p><\/li><\/ul><p data-start=\"3606\" data-end=\"3706\">Der Nutzer ist allein verantwortlich f\u00fcr die Nutzung der Website und der darin enthaltenen Informationen.<\/p><h2 data-start=\"3708\" data-end=\"3747\">Anwendbares Recht und Gerichtsbarkeit<\/h2><p data-start=\"3749\" data-end=\"4031\">Dieser rechtliche Hinweis unterliegt spanischem Recht. Im Falle eines Rechtsstreits unterwerfen sich die Parteien unter ausdr\u00fccklichem Verzicht auf jede andere Zust\u00e4ndigkeit den Gerichten der Stadt <strong data-start=\"3975\" data-end=\"3985\">Madrid<\/strong>, sofern keine zwingende Vorschrift etwas anderes bestimmt. <\/p>\t\t\t\t\t\t\t\t<\/div>\n\t\t\t\t<\/div>\n\t\t\t\t\t<\/div>\n\t\t<\/div>\n\t\t\t\t\t<\/div>\n\t\t<\/section>\n\t\t\t\t<\/div>\n\t\t","protected":false},"excerpt":{"rendered":"<p>Rechtliche Hinweise und Nutzungsbedingungen Rechtlicher Hinweis Diese rechtlichen Hinweise und allgemeinen Zugangs- und Nutzungsbedingungen, im Folgenden &#8222;rechtliche Hinweise&#8220; genannt, regeln den Zugang, das Browsen und die Nutzung der Website www.cibeles.netnachstehend die Website, deren Eigent\u00fcmerin CIBELES.NET ist, mit Sitz in: Madrid: Calle Fernando el Cat\u00f3lico 13 bis, B\u00fcro 5 Valencia: Calle Poeta Vicente Gaos 3, Bajo [&hellip;]<\/p>\n","protected":false},"author":1,"featured_media":0,"parent":0,"menu_order":0,"comment_status":"closed","ping_status":"closed","template":"elementor_header_footer","meta":{"_acf_changed":false,"footnotes":""},"class_list":["post-2096","page","type-page","status-publish","hentry"],"acf":[],"yoast_head":"<!-- This site is optimized with the Yoast SEO plugin v27.3 - https:\/\/yoast.com\/product\/yoast-seo-wordpress\/ -->\n<title>Bedingungen und Konditionen - Cibeles.net<\/title>\n<meta name=\"robots\" content=\"index, follow, max-snippet:-1, max-image-preview:large, max-video-preview:-1\" \/>\n<link rel=\"canonical\" href=\"https:\/\/cibeles.net\/de\/rechtlicher-hinweis\/\" \/>\n<meta property=\"og:locale\" content=\"de_DE\" \/>\n<meta property=\"og:type\" content=\"article\" \/>\n<meta property=\"og:title\" content=\"Bedingungen und Konditionen - Cibeles.net\" \/>\n<meta property=\"og:description\" content=\"Rechtliche Hinweise und Nutzungsbedingungen Rechtlicher Hinweis Diese rechtlichen Hinweise und allgemeinen Zugangs- und Nutzungsbedingungen, im Folgenden &#8222;rechtliche Hinweise&#8220; genannt, regeln den Zugang, das Browsen und die Nutzung der Website www.cibeles.netnachstehend die Website, deren Eigent\u00fcmerin CIBELES.NET ist, mit Sitz in: Madrid: Calle Fernando el Cat\u00f3lico 13 bis, B\u00fcro 5 Valencia: Calle Poeta Vicente Gaos 3, Bajo [&hellip;]\" \/>\n<meta property=\"og:url\" content=\"https:\/\/cibeles.net\/de\/rechtlicher-hinweis\/\" \/>\n<meta property=\"og:site_name\" content=\"Cibeles.net\" \/>\n<meta property=\"article:publisher\" content=\"https:\/\/www.facebook.com\/Cibeles-Group-170448476386824\/?ref=ts\" \/>\n<meta property=\"article:modified_time\" content=\"2025-04-16T10:37:31+00:00\" \/>\n<meta name=\"twitter:card\" content=\"summary_large_image\" \/>\n<meta name=\"twitter:site\" content=\"@cibelesnet\" \/>\n<meta name=\"twitter:label1\" content=\"Gesch\u00e4tzte Lesezeit\" \/>\n\t<meta name=\"twitter:data1\" content=\"3\u00a0Minuten\" \/>\n<script type=\"application\/ld+json\" class=\"yoast-schema-graph\">{\"@context\":\"https:\\\/\\\/schema.org\",\"@graph\":[{\"@type\":\"WebPage\",\"@id\":\"https:\\\/\\\/cibeles.net\\\/de\\\/rechtlicher-hinweis\\\/\",\"url\":\"https:\\\/\\\/cibeles.net\\\/de\\\/rechtlicher-hinweis\\\/\",\"name\":\"Bedingungen und Konditionen - Cibeles.net\",\"isPartOf\":{\"@id\":\"https:\\\/\\\/cibeles.net\\\/de\\\/#website\"},\"datePublished\":\"2025-04-16T10:06:55+00:00\",\"dateModified\":\"2025-04-16T10:37:31+00:00\",\"inLanguage\":\"de\",\"potentialAction\":[{\"@type\":\"ReadAction\",\"target\":[\"https:\\\/\\\/cibeles.net\\\/de\\\/rechtlicher-hinweis\\\/\"]}]},{\"@type\":\"WebSite\",\"@id\":\"https:\\\/\\\/cibeles.net\\\/de\\\/#website\",\"url\":\"https:\\\/\\\/cibeles.net\\\/de\\\/\",\"name\":\"Cibeles.net\",\"description\":\"Especialistas en gestores de contenidos para medios editoriales\",\"publisher\":{\"@id\":\"https:\\\/\\\/cibeles.net\\\/de\\\/#organization\"},\"potentialAction\":[{\"@type\":\"SearchAction\",\"target\":{\"@type\":\"EntryPoint\",\"urlTemplate\":\"https:\\\/\\\/cibeles.net\\\/de\\\/?s={search_term_string}\"},\"query-input\":{\"@type\":\"PropertyValueSpecification\",\"valueRequired\":true,\"valueName\":\"search_term_string\"}}],\"inLanguage\":\"de\"},{\"@type\":[\"Organization\",\"NewsMediaOrganization\"],\"@id\":\"https:\\\/\\\/cibeles.net\\\/de\\\/#organization\",\"name\":\"Cibeles.net\",\"url\":\"https:\\\/\\\/cibeles.net\\\/de\\\/\",\"logo\":{\"@type\":\"ImageObject\",\"inLanguage\":\"de\",\"@id\":\"https:\\\/\\\/cibeles.net\\\/de\\\/#\\\/schema\\\/logo\\\/image\\\/\",\"url\":\"https:\\\/\\\/cibeles.net\\\/wp-content\\\/uploads\\\/2023\\\/08\\\/logo-principal.png\",\"contentUrl\":\"https:\\\/\\\/cibeles.net\\\/wp-content\\\/uploads\\\/2023\\\/08\\\/logo-principal.png\",\"width\":800,\"height\":172,\"caption\":\"Cibeles.net\"},\"image\":{\"@id\":\"https:\\\/\\\/cibeles.net\\\/de\\\/#\\\/schema\\\/logo\\\/image\\\/\"},\"sameAs\":[\"https:\\\/\\\/www.facebook.com\\\/Cibeles-Group-170448476386824\\\/?ref=ts\",\"https:\\\/\\\/x.com\\\/cibelesnet\"]},{\"@type\":\"SiteNavigationElement\",\"@id\":\"https:\\\/\\\/cibeles.net\\\/de\\\/#site-navigation\",\"cssSelector\":[\".cib-main-menu\"]},{\"@type\":\"WPHeader\",\"@id\":\"https:\\\/\\\/cibeles.net\\\/de\\\/#header\",\"cssSelector\":[\".cib-header\"]},{\"@type\":\"WPFooter\",\"@id\":\"https:\\\/\\\/cibeles.net\\\/de\\\/#footer\",\"cssSelector\":[\".cib-footer\"]}]}<\/script>\n<!-- \/ Yoast SEO plugin. -->","yoast_head_json":{"title":"Bedingungen und Konditionen - Cibeles.net","robots":{"index":"index","follow":"follow","max-snippet":"max-snippet:-1","max-image-preview":"max-image-preview:large","max-video-preview":"max-video-preview:-1"},"canonical":"https:\/\/cibeles.net\/de\/rechtlicher-hinweis\/","og_locale":"de_DE","og_type":"article","og_title":"Bedingungen und Konditionen - Cibeles.net","og_description":"Rechtliche Hinweise und Nutzungsbedingungen Rechtlicher Hinweis Diese rechtlichen Hinweise und allgemeinen Zugangs- und Nutzungsbedingungen, im Folgenden &#8222;rechtliche Hinweise&#8220; genannt, regeln den Zugang, das Browsen und die Nutzung der Website www.cibeles.netnachstehend die Website, deren Eigent\u00fcmerin CIBELES.NET ist, mit Sitz in: Madrid: Calle Fernando el Cat\u00f3lico 13 bis, B\u00fcro 5 Valencia: Calle Poeta Vicente Gaos 3, Bajo [&hellip;]","og_url":"https:\/\/cibeles.net\/de\/rechtlicher-hinweis\/","og_site_name":"Cibeles.net","article_publisher":"https:\/\/www.facebook.com\/Cibeles-Group-170448476386824\/?ref=ts","article_modified_time":"2025-04-16T10:37:31+00:00","twitter_card":"summary_large_image","twitter_site":"@cibelesnet","twitter_misc":{"Gesch\u00e4tzte Lesezeit":"3\u00a0Minuten"},"schema":{"@context":"https:\/\/schema.org","@graph":[{"@type":"WebPage","@id":"https:\/\/cibeles.net\/de\/rechtlicher-hinweis\/","url":"https:\/\/cibeles.net\/de\/rechtlicher-hinweis\/","name":"Bedingungen und Konditionen - Cibeles.net","isPartOf":{"@id":"https:\/\/cibeles.net\/de\/#website"},"datePublished":"2025-04-16T10:06:55+00:00","dateModified":"2025-04-16T10:37:31+00:00","inLanguage":"de","potentialAction":[{"@type":"ReadAction","target":["https:\/\/cibeles.net\/de\/rechtlicher-hinweis\/"]}]},{"@type":"WebSite","@id":"https:\/\/cibeles.net\/de\/#website","url":"https:\/\/cibeles.net\/de\/","name":"Cibeles.net","description":"Especialistas en gestores de contenidos para medios editoriales","publisher":{"@id":"https:\/\/cibeles.net\/de\/#organization"},"potentialAction":[{"@type":"SearchAction","target":{"@type":"EntryPoint","urlTemplate":"https:\/\/cibeles.net\/de\/?s={search_term_string}"},"query-input":{"@type":"PropertyValueSpecification","valueRequired":true,"valueName":"search_term_string"}}],"inLanguage":"de"},{"@type":["Organization","NewsMediaOrganization"],"@id":"https:\/\/cibeles.net\/de\/#organization","name":"Cibeles.net","url":"https:\/\/cibeles.net\/de\/","logo":{"@type":"ImageObject","inLanguage":"de","@id":"https:\/\/cibeles.net\/de\/#\/schema\/logo\/image\/","url":"https:\/\/cibeles.net\/wp-content\/uploads\/2023\/08\/logo-principal.png","contentUrl":"https:\/\/cibeles.net\/wp-content\/uploads\/2023\/08\/logo-principal.png","width":800,"height":172,"caption":"Cibeles.net"},"image":{"@id":"https:\/\/cibeles.net\/de\/#\/schema\/logo\/image\/"},"sameAs":["https:\/\/www.facebook.com\/Cibeles-Group-170448476386824\/?ref=ts","https:\/\/x.com\/cibelesnet"]},{"@type":"SiteNavigationElement","@id":"https:\/\/cibeles.net\/de\/#site-navigation","cssSelector":[".cib-main-menu"]},{"@type":"WPHeader","@id":"https:\/\/cibeles.net\/de\/#header","cssSelector":[".cib-header"]},{"@type":"WPFooter","@id":"https:\/\/cibeles.net\/de\/#footer","cssSelector":[".cib-footer"]}]}},"_links":{"self":[{"href":"https:\/\/cibeles.net\/de\/wp-json\/wp\/v2\/pages\/2096","targetHints":{"allow":["GET"]}}],"collection":[{"href":"https:\/\/cibeles.net\/de\/wp-json\/wp\/v2\/pages"}],"about":[{"href":"https:\/\/cibeles.net\/de\/wp-json\/wp\/v2\/types\/page"}],"author":[{"embeddable":true,"href":"https:\/\/cibeles.net\/de\/wp-json\/wp\/v2\/users\/1"}],"replies":[{"embeddable":true,"href":"https:\/\/cibeles.net\/de\/wp-json\/wp\/v2\/comments?post=2096"}],"version-history":[{"count":1,"href":"https:\/\/cibeles.net\/de\/wp-json\/wp\/v2\/pages\/2096\/revisions"}],"predecessor-version":[{"id":2168,"href":"https:\/\/cibeles.net\/de\/wp-json\/wp\/v2\/pages\/2096\/revisions\/2168"}],"wp:attachment":[{"href":"https:\/\/cibeles.net\/de\/wp-json\/wp\/v2\/media?parent=2096"}],"curies":[{"name":"wp","href":"https:\/\/api.w.org\/{rel}","templated":true}]}}